{"id":22,"date":"2023-05-09T08:03:01","date_gmt":"2023-05-09T08:03:01","guid":{"rendered":"https:\/\/laferme.yourmindourwork.be\/?page_id=22"},"modified":"2026-01-23T15:13:57","modified_gmt":"2026-01-23T15:13:57","slug":"reservation-et-info","status":"publish","type":"page","link":"https:\/\/www.lafermedarthur.be\/fr\/reservation-et-info\/","title":{"rendered":"R\u00e9servation &amp; info"},"content":{"rendered":"<div class=\"bde-globalblock-22-100 bde-globalblock\"><section class=\"bde-section-51-100-51-1 bde-section bde-section-51-100\">\n  \n  \n\t\n\n\n\n<div class=\"section-container\"><h1 class=\"bde-heading-51-101-51-1 bde-heading bde-heading-51-101\">\nR\u00e9servation &amp; info\n<\/h1><\/div>\n<\/section><\/div><section class=\"bde-section-22-101 bde-section\" data-entrance=\"slideUp\">\n  \n  \n\t\n\n\n\n<div class=\"section-container\"><div class=\"bde-columns-22-103 bde-columns\"><div class=\"bde-column-22-104 bde-column\">\n  \n  \n\t\n\n\n\n<h2 class=\"bde-heading-22-106 bde-heading\">\nV\u00e9rifiez imm\u00e9diatement si La Ferme est encore libre<br>\n<\/h2><div class=\"bde-code-block-22-115 bde-code-block calendar-nl\">\n\n  <iframe data-src=\"https:\/\/calendar.google.com\/calendar\/embed?height=600&wkst=1&bgcolor=%23ffffff&ctz=Europe%2FBrussels&showNav=1&showTitle=0&showDate=1&showPrint=0&showTabs=0&showCalendars=0&showTz=0&src=c211aWRhcnRodXJAZ21haWwuY29t&color=%23039BE5\" style=\"border-width:0\" width=\"800\" height=\"600\" frameborder=\"0\" scrolling=\"no\" src=\"data:image\/svg+xml;base64,PHN2ZyB3aWR0aD0iMSIgaGVpZ2h0PSIxIiB4bWxucz0iaHR0cDovL3d3dy53My5vcmcvMjAwMC9zdmciPjwvc3ZnPg==\" class=\"lazyload\" data-load-mode=\"1\"><\/iframe>\n\n\n<\/div><div class=\"bde-code-block-22-116 bde-code-block calendar-fr\">\n\n  <iframe data-src=\"https:\/\/calendar.google.com\/calendar\/embed?height=600&wkst=1&bgcolor=%23ffffff&ctz=Europe%2FBrussels&showNav=1&showTitle=0&showDate=1&showPrint=0&showTabs=0&showCalendars=0&showTz=0&src=c211aWRhcnRodXJAZ21haWwuY29t&color=%23039BE5&hl=fr\" style=\"border-width:0\" width=\"800\" height=\"600\" frameborder=\"0\" scrolling=\"no\" src=\"data:image\/svg+xml;base64,PHN2ZyB3aWR0aD0iMSIgaGVpZ2h0PSIxIiB4bWxucz0iaHR0cDovL3d3dy53My5vcmcvMjAwMC9zdmciPjwvc3ZnPg==\" class=\"lazyload\" data-load-mode=\"1\"><\/iframe>\n\n\n<\/div>\n<\/div><\/div><\/div>\n<\/section><section class=\"bde-section-22-155 bde-section\" data-entrance=\"slideUp\">\n  \n  \n\t\n\n\n\n<div class=\"section-container\"><div class=\"bde-columns-22-156 bde-columns\"><div class=\"bde-column-22-157 bde-column\">\n  \n  \n\t\n\n\n\n<h2 class=\"bde-heading-22-158 bde-heading\">\nPrix 2026<br>\n<\/h2><div class=\"bde-image-22-166 bde-image\">\n<figure class=\"breakdance-image breakdance-image--561\">\n\t<div class=\"breakdance-image-container\">\n\t\t<div class=\"breakdance-image-clip\"><a class=\"breakdance-image-link breakdance-image-link--lightbox\" href=\"https:\/\/www.lafermedarthur.be\/wp-content\/uploads\/2026\/01\/prijszetting-2026-FR.jpg\" target=\"_blank\" rel=\"noopener\" data-sub-html=\"\" data-lg-size=\"-\"><img decoding=\"async\" class=\"breakdance-image-object lazyload\" data-src=\"https:\/\/www.lafermedarthur.be\/wp-content\/uploads\/2026\/01\/prijszetting-2026-FR.jpg\" width=\"779\" height=\"583\" data-srcset=\"https:\/\/www.lafermedarthur.be\/wp-content\/uploads\/2026\/01\/prijszetting-2026-FR.jpg 828w, https:\/\/www.lafermedarthur.be\/wp-content\/uploads\/2026\/01\/prijszetting-2026-FR-300x211.jpg 300w, https:\/\/www.lafermedarthur.be\/wp-content\/uploads\/2026\/01\/prijszetting-2026-FR-768x541.jpg 768w, https:\/\/www.lafermedarthur.be\/wp-content\/uploads\/2026\/01\/prijszetting-2026-FR-18x12.jpg 18w\" data-sizes=\"(max-width: 779px) 100vw, 779px\" src=\"data:image\/svg+xml;base64,PHN2ZyB3aWR0aD0iMSIgaGVpZ2h0PSIxIiB4bWxucz0iaHR0cDovL3d3dy53My5vcmcvMjAwMC9zdmciPjwvc3ZnPg==\" style=\"--smush-placeholder-width: 779px; --smush-placeholder-aspect-ratio: 779\/583;\"><\/a><\/div>\n\t<\/div><\/figure>\n\n<\/div><div class=\"bde-text-22-159 bde-text\">\n\n<\/div><div class=\"bde-rich-text-22-167 bde-rich-text breakdance-rich-text-styles\">\n<p>\u00a0<\/p><p>Inclus:<\/p><ul><li><p>linge de lit et serviettes<\/p><\/li><li><p>Serviettes cuisine, chiffon \u00e0 vaissaille, tablettes pour lave-vaisselle, produit de lessive cuisine<\/p><\/li><li><p>produits de nettoyage, papier toilette, sacs poubelles<\/p><\/li><li><p>eau et \u00e9lectricit\u00e9 pour utilisation normale<\/p><\/li><li><p>chaise, lit en pot pour b\u00e9b\u00e9 (sur demande)<\/p><\/li><li><p>taxes et redevances<\/p><p>\u00a0<\/p><\/li><\/ul><p>Frais suppl\u00e9mentaires :<\/p><ul><li><p>nettoyage : 300\u20ac<\/p><\/li><li><p>borne de recharge : 0,50\u20ac\/kwh<\/p><\/li><\/ul><p>\u00a0<\/p>\n<\/div>\n<\/div><\/div><\/div>\n<\/section><section class=\"bde-section-22-108 bde-section\" data-entrance=\"slideUp\">\n  \n  \n\t\n\n\n\n<div class=\"section-container\"><div class=\"bde-columns-22-109 bde-columns\"><div class=\"bde-column-22-110 bde-column\">\n  \n  \n\t\n\n\n\n<h2 class=\"bde-heading-22-113 bde-heading\">\nDemande de location\n<\/h2>\n<\/div><\/div><div class=\"bde-form-builder-22-114 bde-form-builder btn-form\">\n\n<form id=\"boekingsformulier114\" class=\"breakdance-form breakdance-form--vertical\" data-options=\"{&quot;slug&quot;:&quot;custom&quot;,&quot;name&quot;:&quot;Boekingsformulier&quot;,&quot;ajaxUrl&quot;:&quot;https:\\\/\\\/www.lafermedarthur.be\\\/wp-admin\\\/admin-ajax.php&quot;,&quot;clearOnSuccess&quot;:true,&quot;hideOnSuccess&quot;:false,&quot;successMessage&quot;:&quot;Bedankt voor uw bericht, we antwoorden zo spoedig mogelijk.&quot;,&quot;errorMessage&quot;:&quot;Iets ging verkeerd...&quot;,&quot;redirect&quot;:false,&quot;redirectUrl&quot;:&quot;&quot;,&quot;customJavaScript&quot;:&quot;&quot;,&quot;recaptcha&quot;:{&quot;key&quot;:&quot;6Ld1VdUmAAAAADS-6lJCOtFG5GURQdwaZ6DRmpJM&quot;,&quot;enabled&quot;:true},&quot;honeypot_enabled&quot;:true,&quot;popupsOnSuccess&quot;:[],&quot;popupsOnError&quot;:[]}\" data-steps=\"0\" action=\"\" >\n  \n  \n  \n<div class=\"breakdance-form-field breakdance-form-field--text\" >\n    \n    \n    \n    <input\n    class=\"breakdance-form-field__input\"\n    id=\"voornaam\"\n    aria-describedby=\"voornaam\"\n    type=\"text\"\n    name=\"fields[voornaam]\"\n    placeholder=\"Pr\u00e9nom*\"\n    value=\"\"\n                \n        \n        \n    required\n>\n\n\n    \n    \n<\/div>\n\n\n<div class=\"breakdance-form-field breakdance-form-field--text\" >\n    \n    \n    \n    <input\n    class=\"breakdance-form-field__input\"\n    id=\"achternaam\"\n    aria-describedby=\"achternaam\"\n    type=\"text\"\n    name=\"fields[achternaam]\"\n    placeholder=\"Nom de famille*\"\n    value=\"\"\n                \n        \n        \n    required\n>\n\n\n    \n    \n<\/div>\n\n\n<div class=\"breakdance-form-field breakdance-form-field--text\" >\n    \n    \n    \n    <input\n    class=\"breakdance-form-field__input\"\n    id=\"e-mailadres\"\n    aria-describedby=\"e-mailadres\"\n    type=\"text\"\n    name=\"fields[e-mailadres]\"\n    placeholder=\"Adresse \u00e9lectronique*\"\n    value=\"\"\n                \n        \n        \n    required\n>\n\n\n    \n    \n<\/div>\n\n\n<div class=\"breakdance-form-field breakdance-form-field--tel\" >\n    \n    \n    \n    <input\n    class=\"breakdance-form-field__input\"\n    id=\"telefoonnummer\"\n    aria-describedby=\"telefoonnummer\"\n    type=\"tel\"\n    name=\"fields[telefoonnummer]\"\n    placeholder=\"Telefoonnummer\"\n    value=\"\"\n                \n        \n        \n    \n    \n    \n    \n>\n\n\n    \n    \n<\/div>\n\n\n<div class=\"breakdance-form-field breakdance-form-field--date\" >\n    \n    \n            <label class=\"breakdance-form-field__label\" for=\"mrdgaq\">\n            Date d'arriv\u00e9e<span class=\"breakdance-form-field__required\">*<\/span>\n        <\/label>\n    \n    <input\n    class=\"breakdance-form-field__input\"\n    id=\"mrdgaq\"\n    aria-describedby=\"mrdgaq\"\n    type=\"date\"\n    name=\"fields[mrdgaq]\"\n    placeholder=\"\"\n    value=\"\"\n                \n        \n        \n    required\n>\n\n\n    \n    \n<\/div>\n\n\n<div class=\"breakdance-form-field breakdance-form-field--number\" >\n    \n    \n            <label class=\"breakdance-form-field__label\" for=\"fdutnu\">\n            Nombre de nuits<span class=\"breakdance-form-field__required\">*<\/span>\n        <\/label>\n    \n    <input\n    class=\"breakdance-form-field__input\"\n    id=\"fdutnu\"\n    aria-describedby=\"fdutnu\"\n    type=\"number\"\n    name=\"fields[fdutnu]\"\n    placeholder=\"\"\n    value=\"\"\n                min=\"1\"\n        max=\"30\"\n        step=\"1\"\n    required\n>\n\n\n    \n    \n<\/div>\n\n\n<div class=\"breakdance-form-field breakdance-form-field--number\" >\n    \n    \n            <label class=\"breakdance-form-field__label\" for=\"pqfkhx\">\n            Nombre de personnes<span class=\"breakdance-form-field__required\">*<\/span>\n        <\/label>\n    \n    <input\n    class=\"breakdance-form-field__input\"\n    id=\"pqfkhx\"\n    aria-describedby=\"pqfkhx\"\n    type=\"number\"\n    name=\"fields[pqfkhx]\"\n    placeholder=\"\"\n    value=\"\"\n                min=\"1\"\n        max=\"14\"\n        step=\"1\"\n    required\n>\n\n\n    \n    \n<\/div>\n\n\n<div class=\"breakdance-form-field breakdance-form-field--textarea\" >\n    \n    \n    \n    <textarea\n    class=\"breakdance-form-field__input\"\n    id=\"extra-opmerking\"\n    aria-describedby=\"extra-opmerking\"\n    type=\"textarea\"\n    name=\"fields[extra-opmerking]\"\n        placeholder=\"Notes compl\u00e9mentaires\"\n    \n    >\n<\/textarea>\n\n\n    \n    \n<\/div>\n\n\n<div class=\"breakdance-form-field breakdance-form-field--hpinput\" >\n    \n    \n            <label class=\"breakdance-form-field__label\" for=\"hpname\">\n            HP Name\n        <\/label>\n    \n    <input\n    class=\"breakdance-form-field__input\"\n    id=\"hpname\"\n    aria-describedby=\"hpname\"\n    type=\"hpinput\"\n    name=\"fields[hpname]\"\n    placeholder=\"\"\n    value=\"\"\n                \n        \n        \n    \n    autocomplete=\"off\"\n    tabindex=\"-1\"\n    \n>\n\n\n    \n    \n<\/div>\n\n\n  \n\n<div class=\"breakdance-form-field breakdance-form-footer\">\n    \n    \n                                    \n    \n    \n    \n    \n            \n            <button type=\"submit\" class=\"button-atom button-atom--primary breakdance-form-button breakdance-form-button__submit\"  >\n    \n        <span class=\"button-atom__text\">envoyer<\/span>\n\n        \n        \n            <\/button>\n    \n    <input type=\"hidden\" name=\"form_id\" value=\"114\">\n    <input type=\"hidden\" name=\"post_id\" value=\"22\">\n<\/div>\n\n  \n<input type=\"hidden\" name=\"trp-form-language\" value=\"fr\"\/><\/form>\n\n\n<\/div><div class=\"bde-text-22-133 bde-text\">\nVous avez une question suppl\u00e9mentaire ? Envoyez-nous un courriel \u00e0 info@fermedarthur.be\n<\/div><\/div>\n<\/section>","protected":false},"excerpt":{"rendered":"<p>Boeken &#038; info Kijk meteen of La Ferme nog vrij is Prijzen 2026 \u00a0Inbegrepen:bed- en badlinnenkeukenhanddoeken, schotelvod, vaatwastabletten, detergentpoetsgerief, wasproducten, WC-papier, vuilniszakkenwater en electriciteit bij normaal gebruikkinderstoeltje, kinderbedje en plaspotje (op aanvraag)belastingen en taksen\u00a0Bijkomende kosten :schoonmaak: 300 \u20aclaadpaal: 0,50\u20ac\/kwh\u00a0 Huuraanvraag Aankomstdatum* Aantal nachten* Aantal personen* HP Name Versturen Heb je nog een bijkomende vraag? Mail [&hellip;]<\/p>","protected":false},"author":1,"featured_media":155,"parent":0,"menu_order":0,"comment_status":"closed","ping_status":"closed","template":"","meta":{"_monsterinsights_skip_tracking":false,"_monsterinsights_sitenote_active":false,"_monsterinsights_sitenote_note":"","_monsterinsights_sitenote_category":0,"_breakdance_hide_in_design_set":false,"_breakdance_tags":"","footnotes":""},"class_list":["post-22","page","type-page","status-publish","has-post-thumbnail","hentry"],"yoast_head":"<!-- This site is optimized with the Yoast SEO plugin v26.8 - https:\/\/yoast.com\/product\/yoast-seo-wordpress\/ -->\n<title>Gite Ardennen | groepsacccomodatie bij Saint-Hubert &amp; Mirwart<\/title>\n<meta name=\"description\" content=\"Gite Ardennen op toplocatie gezocht? Deze vakantiewoning voor 14 personen heeft 8 aparte slaap- \u00e9n badkamers. Hamam, sauna, vlotte wifi en subliem zicht!\" \/>\n<meta name=\"robots\" content=\"index, follow, max-snippet:-1, max-image-preview:large, max-video-preview:-1\" \/>\n<link rel=\"canonical\" href=\"https:\/\/www.lafermedarthur.be\/fr\/reservation-et-info\/\" \/>\n<meta property=\"og:locale\" content=\"fr_FR\" \/>\n<meta property=\"og:type\" content=\"article\" \/>\n<meta property=\"og:title\" content=\"Gite Ardennen | groepsacccomodatie bij Saint-Hubert &amp; Mirwart\" \/>\n<meta property=\"og:description\" content=\"Gite Ardennen op toplocatie gezocht? Deze vakantiewoning voor 14 personen heeft 8 aparte slaap- \u00e9n badkamers. Hamam, sauna, vlotte wifi en subliem zicht!\" \/>\n<meta property=\"og:url\" content=\"https:\/\/www.lafermedarthur.be\/fr\/reservation-et-info\/\" \/>\n<meta property=\"og:site_name\" content=\"La ferme d&#039;Arthur\" \/>\n<meta property=\"article:modified_time\" content=\"2026-01-23T15:13:57+00:00\" \/>\n<meta property=\"og:image\" content=\"https:\/\/www.lafermedarthur.be\/wp-content\/uploads\/2023\/06\/la-ferme-darthur-1.jpg\" \/>\n\t<meta property=\"og:image:width\" content=\"2373\" \/>\n\t<meta property=\"og:image:height\" content=\"1007\" \/>\n\t<meta property=\"og:image:type\" content=\"image\/jpeg\" \/>\n<meta name=\"twitter:card\" content=\"summary_large_image\" \/>\n<meta name=\"twitter:label1\" content=\"Dur\u00e9e de lecture est.\" \/>\n\t<meta name=\"twitter:data1\" content=\"1 minute\" \/>\n<script type=\"application\/ld+json\" class=\"yoast-schema-graph\">{\"@context\":\"https:\/\/schema.org\",\"@graph\":[{\"@type\":\"WebPage\",\"@id\":\"https:\/\/www.lafermedarthur.be\/boeken-en-info\/\",\"url\":\"https:\/\/www.lafermedarthur.be\/boeken-en-info\/\",\"name\":\"Gite Ardennen | groepsacccomodatie bij Saint-Hubert & Mirwart\",\"isPartOf\":{\"@id\":\"https:\/\/www.lafermedarthur.be\/#website\"},\"primaryImageOfPage\":{\"@id\":\"https:\/\/www.lafermedarthur.be\/boeken-en-info\/#primaryimage\"},\"image\":{\"@id\":\"https:\/\/www.lafermedarthur.be\/boeken-en-info\/#primaryimage\"},\"thumbnailUrl\":\"https:\/\/www.lafermedarthur.be\/wp-content\/uploads\/2023\/06\/la-ferme-darthur-1.jpg\",\"datePublished\":\"2023-05-09T08:03:01+00:00\",\"dateModified\":\"2026-01-23T15:13:57+00:00\",\"description\":\"Gite Ardennen op toplocatie gezocht? Deze vakantiewoning voor 14 personen heeft 8 aparte slaap- \u00e9n badkamers. Hamam, sauna, vlotte wifi en subliem zicht!\",\"breadcrumb\":{\"@id\":\"https:\/\/www.lafermedarthur.be\/boeken-en-info\/#breadcrumb\"},\"inLanguage\":\"fr-BE\",\"potentialAction\":[{\"@type\":\"ReadAction\",\"target\":[\"https:\/\/www.lafermedarthur.be\/boeken-en-info\/\"]}]},{\"@type\":\"ImageObject\",\"inLanguage\":\"fr-BE\",\"@id\":\"https:\/\/www.lafermedarthur.be\/boeken-en-info\/#primaryimage\",\"url\":\"https:\/\/www.lafermedarthur.be\/wp-content\/uploads\/2023\/06\/la-ferme-darthur-1.jpg\",\"contentUrl\":\"https:\/\/www.lafermedarthur.be\/wp-content\/uploads\/2023\/06\/la-ferme-darthur-1.jpg\",\"width\":2373,\"height\":1007},{\"@type\":\"BreadcrumbList\",\"@id\":\"https:\/\/www.lafermedarthur.be\/boeken-en-info\/#breadcrumb\",\"itemListElement\":[{\"@type\":\"ListItem\",\"position\":1,\"name\":\"Home\",\"item\":\"https:\/\/www.lafermedarthur.be\/\"},{\"@type\":\"ListItem\",\"position\":2,\"name\":\"Boeken &#038; info\"}]},{\"@type\":\"WebSite\",\"@id\":\"https:\/\/www.lafermedarthur.be\/#website\",\"url\":\"https:\/\/www.lafermedarthur.be\/\",\"name\":\"La ferme d'Arthur\",\"description\":\"Vakantiehuis Ardennen voor 14 personen\",\"publisher\":{\"@id\":\"https:\/\/www.lafermedarthur.be\/#organization\"},\"potentialAction\":[{\"@type\":\"SearchAction\",\"target\":{\"@type\":\"EntryPoint\",\"urlTemplate\":\"https:\/\/www.lafermedarthur.be\/?s={search_term_string}\"},\"query-input\":{\"@type\":\"PropertyValueSpecification\",\"valueRequired\":true,\"valueName\":\"search_term_string\"}}],\"inLanguage\":\"fr-BE\"},{\"@type\":\"Organization\",\"@id\":\"https:\/\/www.lafermedarthur.be\/#organization\",\"name\":\"La ferme d'Arthur\",\"url\":\"https:\/\/www.lafermedarthur.be\/\",\"logo\":{\"@type\":\"ImageObject\",\"inLanguage\":\"fr-BE\",\"@id\":\"https:\/\/www.lafermedarthur.be\/#\/schema\/logo\/image\/\",\"url\":\"\",\"contentUrl\":\"\",\"caption\":\"La ferme d'Arthur\"},\"image\":{\"@id\":\"https:\/\/www.lafermedarthur.be\/#\/schema\/logo\/image\/\"},\"sameAs\":[\"https:\/\/www.instagram.com\/fermedarthur\/\"]}]}<\/script>\n<!-- \/ Yoast SEO plugin. -->","yoast_head_json":{"title":"Gite Ardennes | h\u00e9bergement de groupes pr\u00e8s de Saint-Hubert &amp; Mirwart","description":"G\u00eete Ardennes sur un emplacement de choix ? Cette maison de vacances pour 14 personnes dispose de 8 chambres et salles de bains s\u00e9par\u00e9es. Hammam, sauna, wifi facile et vue sublime !","robots":{"index":"index","follow":"follow","max-snippet":"max-snippet:-1","max-image-preview":"max-image-preview:large","max-video-preview":"max-video-preview:-1"},"canonical":"https:\/\/www.lafermedarthur.be\/fr\/reservation-et-info\/","og_locale":"fr_FR","og_type":"article","og_title":"Gite Ardennen | groepsacccomodatie bij Saint-Hubert & Mirwart","og_description":"Gite Ardennen op toplocatie gezocht? Deze vakantiewoning voor 14 personen heeft 8 aparte slaap- \u00e9n badkamers. Hamam, sauna, vlotte wifi en subliem zicht!","og_url":"https:\/\/www.lafermedarthur.be\/fr\/reservation-et-info\/","og_site_name":"La ferme d&#039;Arthur","article_modified_time":"2026-01-23T15:13:57+00:00","og_image":[{"width":2373,"height":1007,"url":"https:\/\/www.lafermedarthur.be\/wp-content\/uploads\/2023\/06\/la-ferme-darthur-1.jpg","type":"image\/jpeg"}],"twitter_card":"summary_large_image","twitter_misc":{"Dur\u00e9e de lecture est.":"1 minute"},"schema":{"@context":"https:\/\/schema.org","@graph":[{"@type":"WebPage","@id":"https:\/\/www.lafermedarthur.be\/boeken-en-info\/","url":"https:\/\/www.lafermedarthur.be\/boeken-en-info\/","name":"Gite Ardennes | h\u00e9bergement de groupes pr\u00e8s de Saint-Hubert &amp; Mirwart","isPartOf":{"@id":"https:\/\/www.lafermedarthur.be\/#website"},"primaryImageOfPage":{"@id":"https:\/\/www.lafermedarthur.be\/boeken-en-info\/#primaryimage"},"image":{"@id":"https:\/\/www.lafermedarthur.be\/boeken-en-info\/#primaryimage"},"thumbnailUrl":"https:\/\/www.lafermedarthur.be\/wp-content\/uploads\/2023\/06\/la-ferme-darthur-1.jpg","datePublished":"2023-05-09T08:03:01+00:00","dateModified":"2026-01-23T15:13:57+00:00","description":"G\u00eete Ardennes sur un emplacement de choix ? Cette maison de vacances pour 14 personnes dispose de 8 chambres et salles de bains s\u00e9par\u00e9es. Hammam, sauna, wifi facile et vue sublime !","breadcrumb":{"@id":"https:\/\/www.lafermedarthur.be\/boeken-en-info\/#breadcrumb"},"inLanguage":"fr-BE","potentialAction":[{"@type":"ReadAction","target":["https:\/\/www.lafermedarthur.be\/boeken-en-info\/"]}]},{"@type":"ImageObject","inLanguage":"fr-BE","@id":"https:\/\/www.lafermedarthur.be\/boeken-en-info\/#primaryimage","url":"https:\/\/www.lafermedarthur.be\/wp-content\/uploads\/2023\/06\/la-ferme-darthur-1.jpg","contentUrl":"https:\/\/www.lafermedarthur.be\/wp-content\/uploads\/2023\/06\/la-ferme-darthur-1.jpg","width":2373,"height":1007},{"@type":"BreadcrumbList","@id":"https:\/\/www.lafermedarthur.be\/boeken-en-info\/#breadcrumb","itemListElement":[{"@type":"ListItem","position":1,"name":"Home","item":"https:\/\/www.lafermedarthur.be\/"},{"@type":"ListItem","position":2,"name":"Boeken &#038; info"}]},{"@type":"WebSite","@id":"https:\/\/www.lafermedarthur.be\/#website","url":"https:\/\/www.lafermedarthur.be\/","name":"La ferme d'Arthur","description":"G\u00eete de vacances Ardennes pour 14 personnes","publisher":{"@id":"https:\/\/www.lafermedarthur.be\/#organization"},"potentialAction":[{"@type":"SearchAction","target":{"@type":"EntryPoint","urlTemplate":"https:\/\/www.lafermedarthur.be\/?s={search_term_string}"},"query-input":{"@type":"PropertyValueSpecification","valueRequired":true,"valueName":"search_term_string"}}],"inLanguage":"fr-BE"},{"@type":"Organization","@id":"https:\/\/www.lafermedarthur.be\/#organization","name":"La ferme d'Arthur","url":"https:\/\/www.lafermedarthur.be\/","logo":{"@type":"ImageObject","inLanguage":"fr-BE","@id":"https:\/\/www.lafermedarthur.be\/#\/schema\/logo\/image\/","url":"","contentUrl":"","caption":"La ferme d'Arthur"},"image":{"@id":"https:\/\/www.lafermedarthur.be\/#\/schema\/logo\/image\/"},"sameAs":["https:\/\/www.instagram.com\/fermedarthur\/"]}]}},"_links":{"self":[{"href":"https:\/\/www.lafermedarthur.be\/fr\/wp-json\/wp\/v2\/pages\/22","targetHints":{"allow":["GET"]}}],"collection":[{"href":"https:\/\/www.lafermedarthur.be\/fr\/wp-json\/wp\/v2\/pages"}],"about":[{"href":"https:\/\/www.lafermedarthur.be\/fr\/wp-json\/wp\/v2\/types\/page"}],"author":[{"embeddable":true,"href":"https:\/\/www.lafermedarthur.be\/fr\/wp-json\/wp\/v2\/users\/1"}],"replies":[{"embeddable":true,"href":"https:\/\/www.lafermedarthur.be\/fr\/wp-json\/wp\/v2\/comments?post=22"}],"version-history":[{"count":26,"href":"https:\/\/www.lafermedarthur.be\/fr\/wp-json\/wp\/v2\/pages\/22\/revisions"}],"predecessor-version":[{"id":569,"href":"https:\/\/www.lafermedarthur.be\/fr\/wp-json\/wp\/v2\/pages\/22\/revisions\/569"}],"wp:featuredmedia":[{"embeddable":true,"href":"https:\/\/www.lafermedarthur.be\/fr\/wp-json\/wp\/v2\/media\/155"}],"wp:attachment":[{"href":"https:\/\/www.lafermedarthur.be\/fr\/wp-json\/wp\/v2\/media?parent=22"}],"curies":[{"name":"wp","href":"https:\/\/api.w.org\/{rel}","templated":true}]}}