{"id":16,"date":"2023-05-09T08:01:52","date_gmt":"2023-05-09T08:01:52","guid":{"rendered":"https:\/\/laferme.yourmindourwork.be\/?page_id=16"},"modified":"2024-04-03T13:40:12","modified_gmt":"2024-04-03T13:40:12","slug":"a-propos-de-nous","status":"publish","type":"page","link":"https:\/\/www.lafermedarthur.be\/fr\/a-propos-de-nous\/","title":{"rendered":"A propos de nous"},"content":{"rendered":"<div class=\"bde-globalblock-16-102 bde-globalblock\"><section class=\"bde-section-51-100-51-1 bde-section bde-section-51-100\">\n  \n  \n\t\n\n\n\n<div class=\"section-container\"><h1 class=\"bde-heading-51-101-51-1 bde-heading bde-heading-51-101\">\nA propos de nous\n<\/h1><\/div>\n<\/section><\/div><section class=\"bde-section-16-103 bde-section\" data-entrance=\"slideUp\" data-parallax=\"true\">\n  \n  \n\t\n\n\n\n<div class=\"section-container\"><div class=\"bde-columns-16-104 bde-columns\"><div class=\"bde-column-16-105 bde-column\">\n  \n  \n\t\n\n\n\n<h2 class=\"bde-heading-16-108 bde-heading\">\nProjet de r\u00e9novation d'une ancienne ferme en une charmante maison de vacances\n<\/h2><div class=\"bde-text-16-109 bde-text\">\nNous 8, c'est-\u00e0-dire 2 familles et une famille pour la vie, avons depuis longtemps un amour pour cette r\u00e9gion. Lorsque notre regard s'est pos\u00e9 sur cette ancienne ferme appartenant au fermier Arthur dans le charmant village de Smuid, nous avons \u00e9t\u00e9 imm\u00e9diatement s\u00e9duits. Avec ce projet de r\u00eave, nous avons r\u00e9alis\u00e9 la conversion de la ferme en ce g\u00eete confortable. Notre objectif ? Vous faire tomber amoureux vous aussi !\n<\/div>\n<\/div><div class=\"bde-column-16-106 bde-column\">\n  \n  \n\t\n\n\n\n<div class=\"bde-image-16-107 bde-image\">\n<figure class=\"breakdance-image breakdance-image--140\">\n\t<div class=\"breakdance-image-container\">\n\t\t<div class=\"breakdance-image-clip\"><img decoding=\"async\" class=\"breakdance-image-object lazyload\" data-src=\"https:\/\/www.lafermedarthur.be\/wp-content\/uploads\/2023\/06\/leefruimte-la-ferme-darthur-2.jpg\" width=\"2320\" height=\"1547\" data-srcset=\"https:\/\/www.lafermedarthur.be\/wp-content\/uploads\/2023\/06\/leefruimte-la-ferme-darthur-2.jpg 2320w, https:\/\/www.lafermedarthur.be\/wp-content\/uploads\/2023\/06\/leefruimte-la-ferme-darthur-2-300x200.jpg 300w, https:\/\/www.lafermedarthur.be\/wp-content\/uploads\/2023\/06\/leefruimte-la-ferme-darthur-2-1024x683.jpg 1024w, https:\/\/www.lafermedarthur.be\/wp-content\/uploads\/2023\/06\/leefruimte-la-ferme-darthur-2-768x512.jpg 768w, https:\/\/www.lafermedarthur.be\/wp-content\/uploads\/2023\/06\/leefruimte-la-ferme-darthur-2-1536x1024.jpg 1536w, https:\/\/www.lafermedarthur.be\/wp-content\/uploads\/2023\/06\/leefruimte-la-ferme-darthur-2-2048x1366.jpg 2048w\" data-sizes=\"(max-width: 2320px) 100vw, 2320px\" src=\"data:image\/svg+xml;base64,PHN2ZyB3aWR0aD0iMSIgaGVpZ2h0PSIxIiB4bWxucz0iaHR0cDovL3d3dy53My5vcmcvMjAwMC9zdmciPjwvc3ZnPg==\" style=\"--smush-placeholder-width: 2320px; --smush-placeholder-aspect-ratio: 2320\/1547;\"><\/div>\n\t<\/div><\/figure>\n\n<\/div>\n<\/div><\/div><\/div>\n<\/section><section class=\"bde-section-16-112 bde-section\" data-entrance=\"slideUp\">\n  \n  \n\t\n\n\n\n<div class=\"section-container\"><div class=\"bde-columns-16-113 bde-columns\"><div class=\"bde-column-16-114 bde-column\">\n  \n  \n\t\n\n\n\n<h3 class=\"bde-heading-16-116 bde-heading\">\n\"Entrez ici et vous passerez instantan\u00e9ment en mode vacances\"\n<\/h3>\n<\/div><\/div><\/div>\n<\/section><section class=\"bde-section-16-120 bde-section\" data-entrance=\"slideUp\">\n  \n  \n\t\n\n\n\n<div class=\"section-container\"><div class=\"bde-columns-16-121 bde-columns\"><div class=\"bde-column-16-122 bde-column\">\n  \n  \n\t\n\n\n\n<div class=\"bde-image-16-127 bde-image\">\n<figure class=\"breakdance-image breakdance-image--141\">\n\t<div class=\"breakdance-image-container\">\n\t\t<div class=\"breakdance-image-clip\"><img decoding=\"async\" class=\"breakdance-image-object lazyload\" data-src=\"https:\/\/www.lafermedarthur.be\/wp-content\/uploads\/2023\/06\/sauna-la-ferme-darthur.jpg\" width=\"2454\" height=\"1636\" data-srcset=\"https:\/\/www.lafermedarthur.be\/wp-content\/uploads\/2023\/06\/sauna-la-ferme-darthur.jpg 2454w, https:\/\/www.lafermedarthur.be\/wp-content\/uploads\/2023\/06\/sauna-la-ferme-darthur-300x200.jpg 300w, https:\/\/www.lafermedarthur.be\/wp-content\/uploads\/2023\/06\/sauna-la-ferme-darthur-1024x683.jpg 1024w, https:\/\/www.lafermedarthur.be\/wp-content\/uploads\/2023\/06\/sauna-la-ferme-darthur-768x512.jpg 768w, https:\/\/www.lafermedarthur.be\/wp-content\/uploads\/2023\/06\/sauna-la-ferme-darthur-1536x1024.jpg 1536w, https:\/\/www.lafermedarthur.be\/wp-content\/uploads\/2023\/06\/sauna-la-ferme-darthur-2048x1365.jpg 2048w\" data-sizes=\"(max-width: 2454px) 100vw, 2454px\" src=\"data:image\/svg+xml;base64,PHN2ZyB3aWR0aD0iMSIgaGVpZ2h0PSIxIiB4bWxucz0iaHR0cDovL3d3dy53My5vcmcvMjAwMC9zdmciPjwvc3ZnPg==\" style=\"--smush-placeholder-width: 2454px; --smush-placeholder-aspect-ratio: 2454\/1636;\"><\/div>\n\t<\/div><\/figure>\n\n<\/div>\n<\/div><div class=\"bde-column-16-126 bde-column\">\n  \n  \n\t\n\n\n\n<h2 class=\"bde-heading-16-124 bde-heading\">\nMaison de vacances Feeling\n<\/h2><div class=\"bde-text-16-125 bde-text\">\nLe confort est tr\u00e8s important pour cr\u00e9er une atmosph\u00e8re agr\u00e9able, comme d'excellents lits et fauteuils et une cuisine bien \u00e9quip\u00e9e. C'est pourquoi nous mettons l'accent sur la qualit\u00e9, que vous retrouverez dans tous les mat\u00e9riaux. Lorsque vous entrez dans la maison, vous passez imm\u00e9diatement en mode vacances. Vous \u00eates pr\u00eat \u00e0 prendre l'ap\u00e9ritif dans un fauteuil ou au bar avec sa vue panoramique. Ou pr\u00e9f\u00e9rez-vous le sauna et le hammam ? Nous avons d\u00e9cor\u00e9 cette maison de vacances avec un grand souci du d\u00e9tail. Pour qu'elle se sente vraiment comme votre maison de vacances. \n<\/div>\n<\/div><\/div><\/div>\n<\/section><section class=\"bde-section-16-128 bde-section\" data-entrance=\"slideUp\">\n  \n  \n\t\n\n\n\n<div class=\"section-container\"><div class=\"bde-columns-16-129 bde-columns\"><div class=\"bde-column-16-130 bde-column\">\n  \n  \n\t\n\n\n\n<h2 class=\"bde-heading-16-133 bde-heading\">\nZen \u00e0 Dardennes\n<\/h2><div class=\"bde-text-16-134 bde-text\">\nLa ferme d'Arthur est \u00e0 la fois moderne et authentique. Les entrepreneurs locaux ont cr\u00e9\u00e9 un magnifique entrelacement de mat\u00e9riaux typiques de la r\u00e9gion tels que la peinture \u00e0 la chaux, la pierre locale et le bois. Ici, l'int\u00e9rieur et l'ext\u00e9rieur se fondent l'un dans l'autre, et nous aimons cela. \u00c0 l'avant, on aper\u00e7oit une charmante petite \u00e9glise, tandis que de l'autre c\u00f4t\u00e9, on jouit d'une large vue sur les environs et sur le domaine provincial de Mirwart. Les visiteurs nous disent souvent qu'ils se sentent zen et calmes ici. Un beau compliment !\n<\/div>\n<\/div><div class=\"bde-column-16-132 bde-column\">\n  \n  \n\t\n\n\n\n<div class=\"bde-image-16-131 bde-image\">\n<figure class=\"breakdance-image breakdance-image--142\">\n\t<div class=\"breakdance-image-container\">\n\t\t<div class=\"breakdance-image-clip\"><img decoding=\"async\" class=\"breakdance-image-object lazyload\" data-src=\"https:\/\/www.lafermedarthur.be\/wp-content\/uploads\/2023\/06\/uitzicht-la-ferme-darthur.jpg\" width=\"2215\" height=\"1477\" data-srcset=\"https:\/\/www.lafermedarthur.be\/wp-content\/uploads\/2023\/06\/uitzicht-la-ferme-darthur.jpg 2215w, https:\/\/www.lafermedarthur.be\/wp-content\/uploads\/2023\/06\/uitzicht-la-ferme-darthur-300x200.jpg 300w, https:\/\/www.lafermedarthur.be\/wp-content\/uploads\/2023\/06\/uitzicht-la-ferme-darthur-1024x683.jpg 1024w, https:\/\/www.lafermedarthur.be\/wp-content\/uploads\/2023\/06\/uitzicht-la-ferme-darthur-768x512.jpg 768w, https:\/\/www.lafermedarthur.be\/wp-content\/uploads\/2023\/06\/uitzicht-la-ferme-darthur-1536x1024.jpg 1536w, https:\/\/www.lafermedarthur.be\/wp-content\/uploads\/2023\/06\/uitzicht-la-ferme-darthur-2048x1366.jpg 2048w\" data-sizes=\"(max-width: 2215px) 100vw, 2215px\" src=\"data:image\/svg+xml;base64,PHN2ZyB3aWR0aD0iMSIgaGVpZ2h0PSIxIiB4bWxucz0iaHR0cDovL3d3dy53My5vcmcvMjAwMC9zdmciPjwvc3ZnPg==\" style=\"--smush-placeholder-width: 2215px; --smush-placeholder-aspect-ratio: 2215\/1477;\"><\/div>\n\t<\/div><\/figure>\n\n<\/div>\n<\/div><\/div><\/div>\n<\/section><section class=\"bde-section-16-142 bde-section\" data-entrance=\"slideUp\">\n  \n  \n\t\n\n\n\n<div class=\"section-container\"><div class=\"bde-columns-16-143 bde-columns\"><div class=\"bde-column-16-144 bde-column\">\n  \n  \n\t\n\n\n\n<div class=\"bde-image-16-145 bde-image\">\n<figure class=\"breakdance-image breakdance-image--143\">\n\t<div class=\"breakdance-image-container\">\n\t\t<div class=\"breakdance-image-clip\"><img decoding=\"async\" class=\"breakdance-image-object lazyload\" data-src=\"https:\/\/www.lafermedarthur.be\/wp-content\/uploads\/2023\/06\/keuken-la-ferme-darthur.jpg\" width=\"1614\" height=\"1614\" data-srcset=\"https:\/\/www.lafermedarthur.be\/wp-content\/uploads\/2023\/06\/keuken-la-ferme-darthur.jpg 1614w, https:\/\/www.lafermedarthur.be\/wp-content\/uploads\/2023\/06\/keuken-la-ferme-darthur-300x300.jpg 300w, https:\/\/www.lafermedarthur.be\/wp-content\/uploads\/2023\/06\/keuken-la-ferme-darthur-1024x1024.jpg 1024w, https:\/\/www.lafermedarthur.be\/wp-content\/uploads\/2023\/06\/keuken-la-ferme-darthur-150x150.jpg 150w, https:\/\/www.lafermedarthur.be\/wp-content\/uploads\/2023\/06\/keuken-la-ferme-darthur-768x768.jpg 768w, https:\/\/www.lafermedarthur.be\/wp-content\/uploads\/2023\/06\/keuken-la-ferme-darthur-1536x1536.jpg 1536w\" data-sizes=\"(max-width: 1614px) 100vw, 1614px\" src=\"data:image\/svg+xml;base64,PHN2ZyB3aWR0aD0iMSIgaGVpZ2h0PSIxIiB4bWxucz0iaHR0cDovL3d3dy53My5vcmcvMjAwMC9zdmciPjwvc3ZnPg==\" style=\"--smush-placeholder-width: 1614px; --smush-placeholder-aspect-ratio: 1614\/1614;\"><\/div>\n\t<\/div><\/figure>\n\n<\/div>\n<\/div><div class=\"bde-column-16-146 bde-column\">\n  \n  \n\t\n\n\n\n<h2 class=\"bde-heading-16-147 bde-heading\">\nLa gastronomie, bien s\u00fbr !\n<\/h2><div class=\"bde-text-16-148 bde-text\">\nEn toute saison, la nature est \u00e0 couper le souffle et il y a toujours quelque chose \u00e0 faire. Randonn\u00e9e, cyclisme, chasse et VTT ou simplement se divertir \u00e0 l'int\u00e9rieur. R\u00e9servez une table dans un restaurant \u00e9toil\u00e9 ou une brasserie. Achetez des produits locaux purs et remuez vous-m\u00eame les casseroles sur l'\u00e9tonnante \u00eele de la cuisine.\n<\/div>\n<\/div><\/div><\/div>\n<\/section><section class=\"bde-section-16-135 bde-section\" data-entrance=\"slideUp\">\n              \n  \n  \n\t\n\n  <div class=\"section-background-overlay\"><\/div>\n\n\n<div class=\"section-container\"><div class=\"bde-columns-16-136 bde-columns\"><div class=\"bde-column-16-137 bde-column\">\n  \n  \n\t\n\n\n\n<h2 class=\"bde-heading-16-138 bde-heading\">\nConstruction circulaire et respectueuse de l'\u00e9nergie\n<\/h2><div class=\"bde-rich-text-16-139 bde-rich-text breakdance-rich-text-styles\">\n<p>Une maison de vacances \u00e9conome en \u00e9nergie : c'est notre objectif. La Ferme d'Arthur est \u00e9quip\u00e9e d'un triple vitrage, d'un chauffage par le sol, d'une isolation \u00e9lev\u00e9e, d'une pompe \u00e0 chaleur et de panneaux solaires. Vous b\u00e9n\u00e9ficiez ainsi d'un confort supr\u00eame et respectueux de l'\u00e9nergie. La ligne d'efficacit\u00e9 \u00e9nerg\u00e9tique a \u00e9t\u00e9 \u00e9tendue \u00e0 tous les domaines. Nous avons r\u00e9utilis\u00e9 les mat\u00e9riaux de l'ancienne ferme et les nouveaux mat\u00e9riaux, tels que le bois et le granit, proviennent des for\u00eats locales et des carri\u00e8res voisines.<\/p><p>&nbsp;Benieuwd naar wat er allemaal te doen is in de regio?<\/p>\n<\/div><div class=\"bde-text-16-140 bde-text\">\n\n<\/div><div class=\"bde-button-16-141 bde-button\">\n    \n                        \n                        \n    \n    \n    \n    \n            \n                    \n            \n            \n\n    \n    \n    \n    \n    \n    <a class=\"breakdance-link button-atom button-atom--primary bde-button__button\" href=\"\/fr\/a-proximite\/\" target=\"_self\" data-type=\"url\"  >\n\n    \n        <span class=\"button-atom__text\">Pour en savoir plus, cliquez ici<\/span>\n\n        \n        \n                <\/a>\n\n    \n\n\n<\/div>\n<\/div><\/div><\/div>\n<\/section>","protected":false},"excerpt":{"rendered":"<p>Over ons Renovatieproject van een oude hoeve naar een charmant vakantiehuis Wij 8, dat zijn 2 gezinnen en framily for life, hebben al lang een liefde voor deze streek. Toen ons oog viel op deze oude hoeve van boer Arthur in het charmante dorpje Smuid, waren we meteen verkocht. Met dit droomproject realiseerden we de [&hellip;]<\/p>","protected":false},"author":1,"featured_media":139,"parent":0,"menu_order":0,"comment_status":"closed","ping_status":"closed","template":"","meta":{"_monsterinsights_skip_tracking":false,"_monsterinsights_sitenote_active":false,"_monsterinsights_sitenote_note":"","_monsterinsights_sitenote_category":0,"_breakdance_hide_in_design_set":false,"_breakdance_tags":"","footnotes":""},"class_list":["post-16","page","type-page","status-publish","has-post-thumbnail","hentry"],"yoast_head":"<!-- This site is optimized with the Yoast SEO plugin v26.8 - https:\/\/yoast.com\/product\/yoast-seo-wordpress\/ -->\n<title>Vakantiehuis Luxemburg | wellness | 8 slaapkamers<\/title>\n<meta name=\"description\" content=\"Gezellige vakantiehuis Luxemburg met hamam, sauna en kickertafel. Comfortabel genieten binnen en buiten. Ook voor teambuildings geschikt.\" \/>\n<meta name=\"robots\" content=\"index, follow, max-snippet:-1, max-image-preview:large, max-video-preview:-1\" \/>\n<link rel=\"canonical\" href=\"https:\/\/www.lafermedarthur.be\/fr\/a-propos-de-nous\/\" \/>\n<meta property=\"og:locale\" content=\"fr_FR\" \/>\n<meta property=\"og:type\" content=\"article\" \/>\n<meta property=\"og:title\" content=\"Vakantiehuis Luxemburg | wellness | 8 slaapkamers\" \/>\n<meta property=\"og:description\" content=\"Gezellige vakantiehuis Luxemburg met hamam, sauna en kickertafel. Comfortabel genieten binnen en buiten. Ook voor teambuildings geschikt.\" \/>\n<meta property=\"og:url\" content=\"https:\/\/www.lafermedarthur.be\/fr\/a-propos-de-nous\/\" \/>\n<meta property=\"og:site_name\" content=\"La ferme d&#039;Arthur\" \/>\n<meta property=\"article:modified_time\" content=\"2024-04-03T13:40:12+00:00\" \/>\n<meta property=\"og:image\" content=\"https:\/\/www.lafermedarthur.be\/wp-content\/uploads\/2023\/06\/la-ferme-darthur-hoeve.jpg\" \/>\n\t<meta property=\"og:image:width\" content=\"2391\" \/>\n\t<meta property=\"og:image:height\" content=\"942\" \/>\n\t<meta property=\"og:image:type\" content=\"image\/jpeg\" \/>\n<meta name=\"twitter:card\" content=\"summary_large_image\" \/>\n<script type=\"application\/ld+json\" class=\"yoast-schema-graph\">{\"@context\":\"https:\/\/schema.org\",\"@graph\":[{\"@type\":\"WebPage\",\"@id\":\"https:\/\/www.lafermedarthur.be\/over-ons\/\",\"url\":\"https:\/\/www.lafermedarthur.be\/over-ons\/\",\"name\":\"Vakantiehuis Luxemburg | wellness | 8 slaapkamers\",\"isPartOf\":{\"@id\":\"https:\/\/www.lafermedarthur.be\/#website\"},\"primaryImageOfPage\":{\"@id\":\"https:\/\/www.lafermedarthur.be\/over-ons\/#primaryimage\"},\"image\":{\"@id\":\"https:\/\/www.lafermedarthur.be\/over-ons\/#primaryimage\"},\"thumbnailUrl\":\"https:\/\/www.lafermedarthur.be\/wp-content\/uploads\/2023\/06\/la-ferme-darthur-hoeve.jpg\",\"datePublished\":\"2023-05-09T08:01:52+00:00\",\"dateModified\":\"2024-04-03T13:40:12+00:00\",\"description\":\"Gezellige vakantiehuis Luxemburg met hamam, sauna en kickertafel. Comfortabel genieten binnen en buiten. Ook voor teambuildings geschikt.\",\"breadcrumb\":{\"@id\":\"https:\/\/www.lafermedarthur.be\/over-ons\/#breadcrumb\"},\"inLanguage\":\"fr-BE\",\"potentialAction\":[{\"@type\":\"ReadAction\",\"target\":[\"https:\/\/www.lafermedarthur.be\/over-ons\/\"]}]},{\"@type\":\"ImageObject\",\"inLanguage\":\"fr-BE\",\"@id\":\"https:\/\/www.lafermedarthur.be\/over-ons\/#primaryimage\",\"url\":\"https:\/\/www.lafermedarthur.be\/wp-content\/uploads\/2023\/06\/la-ferme-darthur-hoeve.jpg\",\"contentUrl\":\"https:\/\/www.lafermedarthur.be\/wp-content\/uploads\/2023\/06\/la-ferme-darthur-hoeve.jpg\",\"width\":2391,\"height\":942},{\"@type\":\"BreadcrumbList\",\"@id\":\"https:\/\/www.lafermedarthur.be\/over-ons\/#breadcrumb\",\"itemListElement\":[{\"@type\":\"ListItem\",\"position\":1,\"name\":\"Home\",\"item\":\"https:\/\/www.lafermedarthur.be\/\"},{\"@type\":\"ListItem\",\"position\":2,\"name\":\"Over ons\"}]},{\"@type\":\"WebSite\",\"@id\":\"https:\/\/www.lafermedarthur.be\/#website\",\"url\":\"https:\/\/www.lafermedarthur.be\/\",\"name\":\"La ferme d'Arthur\",\"description\":\"Vakantiehuis Ardennen voor 14 personen\",\"publisher\":{\"@id\":\"https:\/\/www.lafermedarthur.be\/#organization\"},\"potentialAction\":[{\"@type\":\"SearchAction\",\"target\":{\"@type\":\"EntryPoint\",\"urlTemplate\":\"https:\/\/www.lafermedarthur.be\/?s={search_term_string}\"},\"query-input\":{\"@type\":\"PropertyValueSpecification\",\"valueRequired\":true,\"valueName\":\"search_term_string\"}}],\"inLanguage\":\"fr-BE\"},{\"@type\":\"Organization\",\"@id\":\"https:\/\/www.lafermedarthur.be\/#organization\",\"name\":\"La ferme d'Arthur\",\"url\":\"https:\/\/www.lafermedarthur.be\/\",\"logo\":{\"@type\":\"ImageObject\",\"inLanguage\":\"fr-BE\",\"@id\":\"https:\/\/www.lafermedarthur.be\/#\/schema\/logo\/image\/\",\"url\":\"\",\"contentUrl\":\"\",\"caption\":\"La ferme d'Arthur\"},\"image\":{\"@id\":\"https:\/\/www.lafermedarthur.be\/#\/schema\/logo\/image\/\"},\"sameAs\":[\"https:\/\/www.instagram.com\/fermedarthur\/\"]}]}<\/script>\n<!-- \/ Yoast SEO plugin. -->","yoast_head_json":{"title":"Vakantiehuis Luxemburg | wellness | 8 slaapkamers","description":"Gezellige vakantiehuis Luxemburg met hamam, sauna en kickertafel. Comfortabel genieten binnen en buiten. Ook voor teambuildings geschikt.","robots":{"index":"index","follow":"follow","max-snippet":"max-snippet:-1","max-image-preview":"max-image-preview:large","max-video-preview":"max-video-preview:-1"},"canonical":"https:\/\/www.lafermedarthur.be\/fr\/a-propos-de-nous\/","og_locale":"fr_FR","og_type":"article","og_title":"Vakantiehuis Luxemburg | wellness | 8 slaapkamers","og_description":"Gezellige vakantiehuis Luxemburg met hamam, sauna en kickertafel. Comfortabel genieten binnen en buiten. Ook voor teambuildings geschikt.","og_url":"https:\/\/www.lafermedarthur.be\/fr\/a-propos-de-nous\/","og_site_name":"La ferme d&#039;Arthur","article_modified_time":"2024-04-03T13:40:12+00:00","og_image":[{"width":2391,"height":942,"url":"https:\/\/www.lafermedarthur.be\/wp-content\/uploads\/2023\/06\/la-ferme-darthur-hoeve.jpg","type":"image\/jpeg"}],"twitter_card":"summary_large_image","schema":{"@context":"https:\/\/schema.org","@graph":[{"@type":"WebPage","@id":"https:\/\/www.lafermedarthur.be\/over-ons\/","url":"https:\/\/www.lafermedarthur.be\/over-ons\/","name":"Vakantiehuis Luxemburg | wellness | 8 slaapkamers","isPartOf":{"@id":"https:\/\/www.lafermedarthur.be\/#website"},"primaryImageOfPage":{"@id":"https:\/\/www.lafermedarthur.be\/over-ons\/#primaryimage"},"image":{"@id":"https:\/\/www.lafermedarthur.be\/over-ons\/#primaryimage"},"thumbnailUrl":"https:\/\/www.lafermedarthur.be\/wp-content\/uploads\/2023\/06\/la-ferme-darthur-hoeve.jpg","datePublished":"2023-05-09T08:01:52+00:00","dateModified":"2024-04-03T13:40:12+00:00","description":"Gezellige vakantiehuis Luxemburg met hamam, sauna en kickertafel. Comfortabel genieten binnen en buiten. Ook voor teambuildings geschikt.","breadcrumb":{"@id":"https:\/\/www.lafermedarthur.be\/over-ons\/#breadcrumb"},"inLanguage":"fr-BE","potentialAction":[{"@type":"ReadAction","target":["https:\/\/www.lafermedarthur.be\/over-ons\/"]}]},{"@type":"ImageObject","inLanguage":"fr-BE","@id":"https:\/\/www.lafermedarthur.be\/over-ons\/#primaryimage","url":"https:\/\/www.lafermedarthur.be\/wp-content\/uploads\/2023\/06\/la-ferme-darthur-hoeve.jpg","contentUrl":"https:\/\/www.lafermedarthur.be\/wp-content\/uploads\/2023\/06\/la-ferme-darthur-hoeve.jpg","width":2391,"height":942},{"@type":"BreadcrumbList","@id":"https:\/\/www.lafermedarthur.be\/over-ons\/#breadcrumb","itemListElement":[{"@type":"ListItem","position":1,"name":"Home","item":"https:\/\/www.lafermedarthur.be\/"},{"@type":"ListItem","position":2,"name":"Over ons"}]},{"@type":"WebSite","@id":"https:\/\/www.lafermedarthur.be\/#website","url":"https:\/\/www.lafermedarthur.be\/","name":"La ferme d'Arthur","description":"G\u00eete de vacances Ardennes pour 14 personnes","publisher":{"@id":"https:\/\/www.lafermedarthur.be\/#organization"},"potentialAction":[{"@type":"SearchAction","target":{"@type":"EntryPoint","urlTemplate":"https:\/\/www.lafermedarthur.be\/?s={search_term_string}"},"query-input":{"@type":"PropertyValueSpecification","valueRequired":true,"valueName":"search_term_string"}}],"inLanguage":"fr-BE"},{"@type":"Organization","@id":"https:\/\/www.lafermedarthur.be\/#organization","name":"La ferme d'Arthur","url":"https:\/\/www.lafermedarthur.be\/","logo":{"@type":"ImageObject","inLanguage":"fr-BE","@id":"https:\/\/www.lafermedarthur.be\/#\/schema\/logo\/image\/","url":"","contentUrl":"","caption":"La ferme d'Arthur"},"image":{"@id":"https:\/\/www.lafermedarthur.be\/#\/schema\/logo\/image\/"},"sameAs":["https:\/\/www.instagram.com\/fermedarthur\/"]}]}},"_links":{"self":[{"href":"https:\/\/www.lafermedarthur.be\/fr\/wp-json\/wp\/v2\/pages\/16","targetHints":{"allow":["GET"]}}],"collection":[{"href":"https:\/\/www.lafermedarthur.be\/fr\/wp-json\/wp\/v2\/pages"}],"about":[{"href":"https:\/\/www.lafermedarthur.be\/fr\/wp-json\/wp\/v2\/types\/page"}],"author":[{"embeddable":true,"href":"https:\/\/www.lafermedarthur.be\/fr\/wp-json\/wp\/v2\/users\/1"}],"replies":[{"embeddable":true,"href":"https:\/\/www.lafermedarthur.be\/fr\/wp-json\/wp\/v2\/comments?post=16"}],"version-history":[{"count":5,"href":"https:\/\/www.lafermedarthur.be\/fr\/wp-json\/wp\/v2\/pages\/16\/revisions"}],"predecessor-version":[{"id":407,"href":"https:\/\/www.lafermedarthur.be\/fr\/wp-json\/wp\/v2\/pages\/16\/revisions\/407"}],"wp:featuredmedia":[{"embeddable":true,"href":"https:\/\/www.lafermedarthur.be\/fr\/wp-json\/wp\/v2\/media\/139"}],"wp:attachment":[{"href":"https:\/\/www.lafermedarthur.be\/fr\/wp-json\/wp\/v2\/media?parent=16"}],"curies":[{"name":"wp","href":"https:\/\/api.w.org\/{rel}","templated":true}]}}